{"id":3362,"date":"2023-02-20T11:53:01","date_gmt":"2023-02-20T11:53:01","guid":{"rendered":"https:\/\/cxhorticulture.com\/home\/"},"modified":"2025-11-25T08:42:10","modified_gmt":"2025-11-25T08:42:10","slug":"home","status":"publish","type":"page","link":"https:\/\/cxhorticulture.com\/es\/","title":{"rendered":"Home"},"content":{"rendered":"\r\n<p>&nbsp;<\/p>\r\n<div style=\"width: 640px;\" class=\"wp-video\"><video muted class=\"wp-video-shortcode\" id=\"video-3362-1\" width=\"640\" height=\"360\" loop autoplay preload=\"metadata\" controls=\"controls\"><source type=\"video\/mp4\" src=\"http:\/\/cxhorticulture.com\/wp-content\/uploads\/2023\/11\/cx-header-video-3_8mb.mp4?_=1\" \/><source type=\"video\/mp4\" src=\"http:\/\/cxhorticulture.com\/wp-content\/uploads\/2023\/11\/cx-header-video-3_8mb.mp4?_=1\" \/><a href=\"http:\/\/cxhorticulture.com\/wp-content\/uploads\/2023\/11\/cx-header-video-3_8mb.mp4\">http:\/\/cxhorticulture.com\/wp-content\/uploads\/2023\/11\/cx-header-video-3_8mb.mp4<\/a><\/video><\/div>\r\n<p>Los fertilizantes de primer nivel no surgen de la nada. M\u00e1s de 30 a\u00f1os de pruebas de campo y de laboratorio han establecido el historial probado de CX. CX es ahora el fertilizante preferido para los cultivos comerciales y de aficionados de alto valor.<\/p>\r\n<p><img decoding=\"async\" title=\"CX-logo-white\" src=\"http:\/\/cxhorticulture.com\/wp-content\/uploads\/2023\/02\/CX-logo-white.svg\" alt=\"CX-logo-white\" \/> <img decoding=\"async\" title=\"hotspot-logos\" src=\"http:\/\/cxhorticulture.com\/wp-content\/uploads\/2023\/02\/hotspot-logos.svg\" alt=\"hotspot-logos\" \/><\/p>\r\n<h2>\u00a1Una combinaci\u00f3n hecha en el para\u00edso del cultivador!<\/h2>\r\n<p>\u00bfDesea un crecimiento impresionante de las plantas, una floraci\u00f3n mayor y mejor, un mayor rendimiento y un vigor mejorado? No busque m\u00e1s: Mighty Bloom Enhancer y Head Masta de CX Horticulture, una pareja hecha en el para\u00edso del cultivador. Este impresionante d\u00fao de productos hort\u00edcolas es la clave para liberar el potencial de floraci\u00f3n de su jard\u00edn.<\/p>\r\n<p><img decoding=\"async\" src=\"http:\/\/cxhorticulture.com\/wp-content\/uploads\/2023\/02\/hotspot-bottles.png\" alt=\"hotspot-bottles\" \/> <img decoding=\"async\" src=\"\/wp-content\/uploads\/2023\/03\/icon-mbe-increase-flower-weight.svg\" \/>Aumenta el peso de la flor seca <img decoding=\"async\" src=\"\/wp-content\/uploads\/2023\/03\/icon-mbe-increase-flower-sites.svg\" \/>Aumenta los lugares de floraci\u00f3n <img decoding=\"async\" src=\"\/wp-content\/uploads\/2023\/03\/icon-mbe-for-use-in-coco-and-soil.svg\" \/>Para utilizar en medios de coco, tierra e hidrop\u00f3nicos <img decoding=\"async\" src=\"\/wp-content\/uploads\/2023\/03\/icon-mbe-pgr-free.svg\" \/>SIN PGR <img decoding=\"async\" src=\"\/wp-content\/uploads\/2023\/03\/icon-hm-improves-quality.svg\" \/>Mejora la calidad, los aromas y los sabores <img decoding=\"async\" src=\"\/wp-content\/uploads\/2023\/03\/icon-hm-silicon.svg\" \/>Bombea las c\u00e9lulas con silicio para aumentar el rendimiento <img decoding=\"async\" src=\"\/wp-content\/uploads\/2023\/03\/icon-hm-oil-resin.svg\" \/>Aumenta la producci\u00f3n de aceite y resina <img decoding=\"async\" src=\"\/wp-content\/uploads\/2023\/03\/icon-hm-visual-appeal.svg\" \/>Mejora el atractivo visual de las plantas <img decoding=\"async\" src=\"\/wp-content\/uploads\/2023\/03\/icon-hm-pgr-free.svg\" \/>SIN PGR<\/p>\r\n<h1>\u00bfQUIERE PROBAR CX?<\/h1>\r\n<p><img decoding=\"async\" title=\"coloured-dashes\" src=\"http:\/\/cxhorticulture.com\/wp-content\/uploads\/2023\/02\/coloured-dashes.svg\" alt=\"coloured-dashes\" \/><\/p>\r\n<ul>\r\n<li>Muestras ya disponibles para clientes de EE.UU., Canad\u00e1 y Reino Unido<\/li>\r\n<li>Pay only handling, packaging and postage feesPague s\u00f3lo los gastos de manipulaci\u00f3n, envasado y env\u00edo<\/li>\r\n<li>Pruebe nuestros aditivos por una fracci\u00f3n del coste<\/li>\r\n<\/ul>\r\n<p><img decoding=\"async\" title=\"CX-Flags-USA\" src=\"http:\/\/cxhorticulture.com\/wp-content\/uploads\/2023\/05\/CX-Flags-USA.png\" alt=\"CX-Flags-USA\" \/><\/p>\r\n<h3>MUESTRAS DE PRODUCTOS (EE.UU.)<\/h3>\r\n<p><a href=\"https:\/\/na.cxhorticulture.com\/\" target=\"_blank\" rel=\"noopener\"> PRUEBE AHORA <\/a> <img decoding=\"async\" title=\"CX-Flags-United-Kingdom\" src=\"http:\/\/cxhorticulture.com\/wp-content\/uploads\/2023\/02\/CX-Flags-United-Kingdom.png\" alt=\"CX-Flags-United-Kingdom\" \/><\/p>\r\n<h3>MUESTRAS DE PRODUCTOS (REINO UNIDO)<\/h3>\r\n<p><a href=\"https:\/\/cxsamplesuk.bigcartel.com\/\" target=\"_blank\" rel=\"noopener\"> PRUEBE AHORA <\/a><\/p>\r\n<p>Tanto los cultivadores comerciales como los recreativos se benefician de la f\u00f3rmula altamente concentrada y eficaz de CX Horticulture.<\/p>\r\n<p><img decoding=\"async\" title=\"CX-logo-white\" src=\"http:\/\/cxhorticulture.com\/wp-content\/uploads\/2023\/02\/CX-logo-white.svg\" alt=\"CX-logo-white\" \/> <img decoding=\"async\" src=\"http:\/\/cxhorticulture.com\/wp-content\/uploads\/2023\/05\/other-roots-image-v2-web.jpg\" alt=\" \" \/> <img decoding=\"async\" src=\"http:\/\/cxhorticulture.com\/wp-content\/uploads\/2023\/05\/cx-roots-image-v2-web.jpg\" alt=\" \" \/> <a href=\"https:\/\/cxhorticulture.com\/es\/products\/regen-a-root\/\" target=\"_self\"> EXPLORE REGEN-A-ROOT <\/a><\/p>\r\n<p>Los cultivadores de CX saben que pueden confiar en la mezcla org\u00e1nica\/sint\u00e9tica consistente y altamente eficaz que maximiza la calidad y la cantidad.<\/p>\r\n<h1>NUESTROS PRODUCTOS<\/h1>\r\n<p><img decoding=\"async\" title=\"coloured-dashes\" src=\"http:\/\/cxhorticulture.com\/wp-content\/uploads\/2023\/02\/coloured-dashes.svg\" alt=\"coloured-dashes\" \/> <a href=\"https:\/\/cxhorticulture.com\/es\/products\/coco-base-ab\/\" target=\"_self\"> <img decoding=\"async\" title=\"coco-base-family\" src=\"http:\/\/cxhorticulture.com\/wp-content\/uploads\/2023\/03\/coco-base-family.png\" alt=\"coco-base-family\" \/> <\/a> <a href=\"https:\/\/cxhorticulture.com\/es\/products\/coco-base-ab\/\" target=\"_self\"> VER <\/a> <a href=\"https:\/\/cxhorticulture.com\/es\/products\/hydro-base-ab\/\" target=\"_self\"> <img decoding=\"async\" title=\"hydro-base-family\" src=\"http:\/\/cxhorticulture.com\/wp-content\/uploads\/2023\/03\/hydro-base-family.png\" alt=\"hydro-base-family\" \/> <\/a> <a href=\"https:\/\/cxhorticulture.com\/es\/products\/hydro-base-ab\/\" target=\"_self\"> VER <\/a> <a href=\"https:\/\/cxhorticulture.com\/es\/products\/regen-a-root\/\" target=\"_self\"> <img decoding=\"async\" title=\"regen-a-root-1ltr\" src=\"http:\/\/cxhorticulture.com\/wp-content\/uploads\/2023\/03\/regen-a-root-1ltr.png\" alt=\"regen-a-root-1ltr\" \/> <\/a> <a href=\"https:\/\/cxhorticulture.com\/es\/products\/regen-a-root\/\" target=\"_self\"> VER <\/a> <a href=\"https:\/\/cxhorticulture.com\/es\/products\/mighty-growth-enhancer\/\" target=\"_self\"> <img decoding=\"async\" title=\"mighty-growth-1ltr\" src=\"http:\/\/cxhorticulture.com\/wp-content\/uploads\/2023\/03\/mighty-growth-1ltr.png\" alt=\"mighty-growth-1ltr\" \/> <\/a> <a href=\"https:\/\/cxhorticulture.com\/es\/products\/mighty-growth-enhancer\/\" target=\"_self\"> VER <\/a> <a href=\"https:\/\/cxhorticulture.com\/es\/products\/mighty-bloom-enhancer\/\" target=\"_self\"> <img decoding=\"async\" title=\"mighty-bloom-1ltr\" src=\"http:\/\/cxhorticulture.com\/wp-content\/uploads\/2023\/03\/mighty-bloom-1ltr.png\" alt=\"mighty-bloom-1ltr\" \/> <\/a> <a href=\"https:\/\/cxhorticulture.com\/es\/products\/mighty-bloom-enhancer\/\" target=\"_self\"> VER <\/a> <a href=\"https:\/\/cxhorticulture.com\/es\/products\/head-masta\/\" target=\"_self\"> <img decoding=\"async\" title=\"head-masta-1ltr\" src=\"http:\/\/cxhorticulture.com\/wp-content\/uploads\/2023\/03\/head-masta-1ltr.png\" alt=\"head-masta-1ltr\" \/> <\/a> <a href=\"https:\/\/cxhorticulture.com\/es\/products\/head-masta\/\" target=\"_self\"> VER <\/a> <a href=\"https:\/\/cxhorticulture.com\/es\/products\/bio-balancer\/\" target=\"_self\"> <img decoding=\"async\" title=\"bio-balancer-1ltr\" src=\"http:\/\/cxhorticulture.com\/wp-content\/uploads\/2023\/03\/bio-balancer-1ltr.png\" alt=\"bio-balancer-1ltr\" \/> <\/a> <a href=\"https:\/\/cxhorticulture.com\/es\/products\/bio-balancer\/\" target=\"_self\"> VER <\/a> <a href=\"https:\/\/cxhorticulture.com\/es\/products\/wilt-guard\/\" target=\"_self\"> <img decoding=\"async\" title=\"wilt-guard-1ltr\" src=\"http:\/\/cxhorticulture.com\/wp-content\/uploads\/2023\/03\/wilt-guard-1ltr.png\" alt=\"wilt-guard-1ltr\" \/> <\/a> <a href=\"https:\/\/cxhorticulture.com\/es\/products\/wilt-guard\/\" target=\"_self\"> VER <\/a><\/p>\r\n","protected":false},"excerpt":{"rendered":"<p>&nbsp; Los fertilizantes de primer nivel no surgen de la nada. M\u00e1s de 30 a\u00f1os de pruebas de campo y de laboratorio han establecido el historial probado de CX. CX es ahora el fertilizante preferido para los cultivos comerciales y de aficionados de alto valor. \u00a1Una combinaci\u00f3n hecha en el para\u00edso del cultivador! \u00bfDesea un&hellip;<\/p>\n","protected":false},"author":1,"featured_media":3326,"parent":0,"menu_order":0,"comment_status":"closed","ping_status":"closed","template":"","meta":{"_acf_changed":false,"footnotes":""},"class_list":["post-3362","page","type-page","status-publish","has-post-thumbnail","hentry"],"acf":[],"yoast_head":"<!-- This site is optimized with the Yoast SEO plugin v27.3 - https:\/\/yoast.com\/product\/yoast-seo-wordpress\/ -->\n<title>CX Horticultutre - Fertilizantes de primer nivel<\/title>\n<meta name=\"description\" content=\"Los fertilizantes de primer nivel no surgen de la nada. M\u00e1s de 30 a\u00f1os de pruebas de campo y de laboratorio han establecido el historial probado de CX. CX es ahora el fertilizante preferido para los cultivos comerciales y de aficionados de alto valor.\" \/>\n<meta name=\"robots\" content=\"index, follow, max-snippet:-1, max-image-preview:large, max-video-preview:-1\" \/>\n<link rel=\"canonical\" href=\"https:\/\/cxhorticulture.com\/es\/\" \/>\n<meta property=\"og:locale\" content=\"es_ES\" \/>\n<meta property=\"og:type\" content=\"article\" \/>\n<meta property=\"og:title\" content=\"CX Horticultutre - Fertilizantes de primer nivel\" \/>\n<meta property=\"og:description\" content=\"Los fertilizantes de primer nivel no surgen de la nada. M\u00e1s de 30 a\u00f1os de pruebas de campo y de laboratorio han establecido el historial probado de CX. CX es ahora el fertilizante preferido para los cultivos comerciales y de aficionados de alto valor.\" \/>\n<meta property=\"og:url\" content=\"https:\/\/cxhorticulture.com\/es\/\" \/>\n<meta property=\"og:site_name\" content=\"CX Horticulture\" \/>\n<meta property=\"article:modified_time\" content=\"2025-11-25T08:42:10+00:00\" \/>\n<meta property=\"og:image\" content=\"https:\/\/cxhorticulture.com\/wp-content\/uploads\/2023\/03\/cx-logopack-download.jpg\" \/>\n\t<meta property=\"og:image:width\" content=\"500\" \/>\n\t<meta property=\"og:image:height\" content=\"500\" \/>\n\t<meta property=\"og:image:type\" content=\"image\/jpeg\" \/>\n<meta name=\"twitter:card\" content=\"summary_large_image\" \/>\n<meta name=\"twitter:label1\" content=\"Tiempo de lectura\" \/>\n\t<meta name=\"twitter:data1\" content=\"7 minutos\" \/>\n<script type=\"application\/ld+json\" class=\"yoast-schema-graph\">{\"@context\":\"https:\\\/\\\/schema.org\",\"@graph\":[{\"@type\":\"WebPage\",\"@id\":\"https:\\\/\\\/cxhorticulture.com\\\/es\\\/\",\"url\":\"https:\\\/\\\/cxhorticulture.com\\\/es\\\/\",\"name\":\"CX Horticultutre - Fertilizantes de primer nivel\",\"isPartOf\":{\"@id\":\"https:\\\/\\\/cxhorticulture.com\\\/es\\\/#website\"},\"primaryImageOfPage\":{\"@id\":\"https:\\\/\\\/cxhorticulture.com\\\/es\\\/#primaryimage\"},\"image\":{\"@id\":\"https:\\\/\\\/cxhorticulture.com\\\/es\\\/#primaryimage\"},\"thumbnailUrl\":\"https:\\\/\\\/cxhorticulture.com\\\/wp-content\\\/uploads\\\/2023\\\/03\\\/cx-logopack-download.jpg\",\"datePublished\":\"2023-02-20T11:53:01+00:00\",\"dateModified\":\"2025-11-25T08:42:10+00:00\",\"description\":\"Los fertilizantes de primer nivel no surgen de la nada. M\u00e1s de 30 a\u00f1os de pruebas de campo y de laboratorio han establecido el historial probado de CX. CX es ahora el fertilizante preferido para los cultivos comerciales y de aficionados de alto valor.\",\"breadcrumb\":{\"@id\":\"https:\\\/\\\/cxhorticulture.com\\\/es\\\/#breadcrumb\"},\"inLanguage\":\"es\",\"potentialAction\":[{\"@type\":\"ReadAction\",\"target\":[\"https:\\\/\\\/cxhorticulture.com\\\/es\\\/\"]}]},{\"@type\":\"ImageObject\",\"inLanguage\":\"es\",\"@id\":\"https:\\\/\\\/cxhorticulture.com\\\/es\\\/#primaryimage\",\"url\":\"https:\\\/\\\/cxhorticulture.com\\\/wp-content\\\/uploads\\\/2023\\\/03\\\/cx-logopack-download.jpg\",\"contentUrl\":\"https:\\\/\\\/cxhorticulture.com\\\/wp-content\\\/uploads\\\/2023\\\/03\\\/cx-logopack-download.jpg\",\"width\":500,\"height\":500},{\"@type\":\"BreadcrumbList\",\"@id\":\"https:\\\/\\\/cxhorticulture.com\\\/es\\\/#breadcrumb\",\"itemListElement\":[{\"@type\":\"ListItem\",\"position\":1,\"name\":\"Home\",\"item\":\"https:\\\/\\\/cxhorticulture.com\\\/es\\\/\"},{\"@type\":\"ListItem\",\"position\":2,\"name\":\"Home\"}]},{\"@type\":\"WebSite\",\"@id\":\"https:\\\/\\\/cxhorticulture.com\\\/es\\\/#website\",\"url\":\"https:\\\/\\\/cxhorticulture.com\\\/es\\\/\",\"name\":\"CX Horticulture\",\"description\":\"Nutrients for the modern hydroponics grower\",\"potentialAction\":[{\"@type\":\"SearchAction\",\"target\":{\"@type\":\"EntryPoint\",\"urlTemplate\":\"https:\\\/\\\/cxhorticulture.com\\\/es\\\/?s={search_term_string}\"},\"query-input\":{\"@type\":\"PropertyValueSpecification\",\"valueRequired\":true,\"valueName\":\"search_term_string\"}}],\"inLanguage\":\"es\"}]}<\/script>\n<!-- \/ Yoast SEO plugin. -->","yoast_head_json":{"title":"CX Horticultutre - Fertilizantes de primer nivel","description":"Los fertilizantes de primer nivel no surgen de la nada. M\u00e1s de 30 a\u00f1os de pruebas de campo y de laboratorio han establecido el historial probado de CX. CX es ahora el fertilizante preferido para los cultivos comerciales y de aficionados de alto valor.","robots":{"index":"index","follow":"follow","max-snippet":"max-snippet:-1","max-image-preview":"max-image-preview:large","max-video-preview":"max-video-preview:-1"},"canonical":"https:\/\/cxhorticulture.com\/es\/","og_locale":"es_ES","og_type":"article","og_title":"CX Horticultutre - Fertilizantes de primer nivel","og_description":"Los fertilizantes de primer nivel no surgen de la nada. M\u00e1s de 30 a\u00f1os de pruebas de campo y de laboratorio han establecido el historial probado de CX. CX es ahora el fertilizante preferido para los cultivos comerciales y de aficionados de alto valor.","og_url":"https:\/\/cxhorticulture.com\/es\/","og_site_name":"CX Horticulture","article_modified_time":"2025-11-25T08:42:10+00:00","og_image":[{"width":500,"height":500,"url":"https:\/\/cxhorticulture.com\/wp-content\/uploads\/2023\/03\/cx-logopack-download.jpg","type":"image\/jpeg"}],"twitter_card":"summary_large_image","twitter_misc":{"Tiempo de lectura":"7 minutos"},"schema":{"@context":"https:\/\/schema.org","@graph":[{"@type":"WebPage","@id":"https:\/\/cxhorticulture.com\/es\/","url":"https:\/\/cxhorticulture.com\/es\/","name":"CX Horticultutre - Fertilizantes de primer nivel","isPartOf":{"@id":"https:\/\/cxhorticulture.com\/es\/#website"},"primaryImageOfPage":{"@id":"https:\/\/cxhorticulture.com\/es\/#primaryimage"},"image":{"@id":"https:\/\/cxhorticulture.com\/es\/#primaryimage"},"thumbnailUrl":"https:\/\/cxhorticulture.com\/wp-content\/uploads\/2023\/03\/cx-logopack-download.jpg","datePublished":"2023-02-20T11:53:01+00:00","dateModified":"2025-11-25T08:42:10+00:00","description":"Los fertilizantes de primer nivel no surgen de la nada. M\u00e1s de 30 a\u00f1os de pruebas de campo y de laboratorio han establecido el historial probado de CX. CX es ahora el fertilizante preferido para los cultivos comerciales y de aficionados de alto valor.","breadcrumb":{"@id":"https:\/\/cxhorticulture.com\/es\/#breadcrumb"},"inLanguage":"es","potentialAction":[{"@type":"ReadAction","target":["https:\/\/cxhorticulture.com\/es\/"]}]},{"@type":"ImageObject","inLanguage":"es","@id":"https:\/\/cxhorticulture.com\/es\/#primaryimage","url":"https:\/\/cxhorticulture.com\/wp-content\/uploads\/2023\/03\/cx-logopack-download.jpg","contentUrl":"https:\/\/cxhorticulture.com\/wp-content\/uploads\/2023\/03\/cx-logopack-download.jpg","width":500,"height":500},{"@type":"BreadcrumbList","@id":"https:\/\/cxhorticulture.com\/es\/#breadcrumb","itemListElement":[{"@type":"ListItem","position":1,"name":"Home","item":"https:\/\/cxhorticulture.com\/es\/"},{"@type":"ListItem","position":2,"name":"Home"}]},{"@type":"WebSite","@id":"https:\/\/cxhorticulture.com\/es\/#website","url":"https:\/\/cxhorticulture.com\/es\/","name":"CX Horticulture","description":"Nutrients for the modern hydroponics grower","potentialAction":[{"@type":"SearchAction","target":{"@type":"EntryPoint","urlTemplate":"https:\/\/cxhorticulture.com\/es\/?s={search_term_string}"},"query-input":{"@type":"PropertyValueSpecification","valueRequired":true,"valueName":"search_term_string"}}],"inLanguage":"es"}]}},"_links":{"self":[{"href":"https:\/\/cxhorticulture.com\/es\/wp-json\/wp\/v2\/pages\/3362","targetHints":{"allow":["GET"]}}],"collection":[{"href":"https:\/\/cxhorticulture.com\/es\/wp-json\/wp\/v2\/pages"}],"about":[{"href":"https:\/\/cxhorticulture.com\/es\/wp-json\/wp\/v2\/types\/page"}],"author":[{"embeddable":true,"href":"https:\/\/cxhorticulture.com\/es\/wp-json\/wp\/v2\/users\/1"}],"replies":[{"embeddable":true,"href":"https:\/\/cxhorticulture.com\/es\/wp-json\/wp\/v2\/comments?post=3362"}],"version-history":[{"count":2,"href":"https:\/\/cxhorticulture.com\/es\/wp-json\/wp\/v2\/pages\/3362\/revisions"}],"predecessor-version":[{"id":3543,"href":"https:\/\/cxhorticulture.com\/es\/wp-json\/wp\/v2\/pages\/3362\/revisions\/3543"}],"wp:featuredmedia":[{"embeddable":true,"href":"https:\/\/cxhorticulture.com\/es\/wp-json\/wp\/v2\/media\/3326"}],"wp:attachment":[{"href":"https:\/\/cxhorticulture.com\/es\/wp-json\/wp\/v2\/media?parent=3362"}],"curies":[{"name":"wp","href":"https:\/\/api.w.org\/{rel}","templated":true}]}}